{"id":51,"date":"2025-02-06T20:36:17","date_gmt":"2025-02-06T19:36:17","guid":{"rendered":"https:\/\/sparkseries.de\/?page_id=51"},"modified":"2026-03-27T22:39:29","modified_gmt":"2026-03-27T21:39:29","slug":"uber-mich","status":"publish","type":"page","link":"https:\/\/sparkseries.de\/en\/uber-mich\/","title":{"rendered":"About Lucas"},"content":{"rendered":"<p class=\"wp-block-paragraph\">Dein Fotograf<\/p>\n\n\n\n<div class=\"wp-block-group alignfull has-theme-5-background-color has-background is-layout-flow wp-block-group-is-layout-flow\" style=\"min-height:100vh\">\n<main class=\"wp-block-group alignfull has-theme-1-color has-theme-5-background-color has-text-color has-background has-link-color wp-elements-64bdde3124826c5fc9c1ac427061a40c is-layout-flow wp-block-group-is-layout-flow\" style=\"margin-top:0px;margin-bottom:0px;padding-top:var(--wp--preset--spacing--60);padding-bottom:var(--wp--preset--spacing--60)\">\n<div class=\"wp-block-group has-global-padding is-layout-constrained wp-block-group-is-layout-constrained\">\n<div class=\"wp-block-columns is-layout-flex wp-container-core-columns-is-layout-794e3cfa wp-block-columns-is-layout-flex\">\n<div class=\"wp-block-column is-layout-flow wp-block-column-is-layout-flow\">\n<div class=\"wp-block-group has-global-padding is-layout-constrained wp-block-group-is-layout-constrained wp-container-1 is-position-sticky\">\n<figure class=\"wp-block-image size-full\"><img data-recalc-dims=\"1\" loading=\"lazy\" decoding=\"async\" width=\"3197\" height=\"3197\" data-attachment-id=\"52\" data-permalink=\"https:\/\/sparkseries.de\/en\/uber-mich\/berlinblick-luke-6701-kopie\/\" data-orig-file=\"https:\/\/i0.wp.com\/sparkseries.de\/wp-content\/uploads\/2025\/02\/berlinblick-luke-6701-kopie.jpg?fit=3197%2C3197&amp;ssl=1\" data-orig-size=\"3197,3197\" data-comments-opened=\"1\" data-image-meta=\"{&quot;aperture&quot;:&quot;0&quot;,&quot;credit&quot;:&quot;BerlinBlick-Fotografie&quot;,&quot;camera&quot;:&quot;&quot;,&quot;caption&quot;:&quot;&quot;,&quot;created_timestamp&quot;:&quot;0&quot;,&quot;copyright&quot;:&quot;BerlinBlick&quot;,&quot;focal_length&quot;:&quot;0&quot;,&quot;iso&quot;:&quot;0&quot;,&quot;shutter_speed&quot;:&quot;0&quot;,&quot;title&quot;:&quot;&quot;,&quot;orientation&quot;:&quot;1&quot;}\" data-image-title=\"M\u00e4nnerportrait-schwarzweiss-tanktop\" data-image-description=\"&lt;p&gt;Ich bin professioneller Fotograf aus Essen und spezialisiert auf Aktfotografie. Dieses Bild zeigt ein einzigartiges Portrait-Shooting, bei dem der m\u00e4nnliche K\u00f6rper kunstvoll in Szene gesetzt wurde. Aktfotografie in Essen bedeutet f\u00fcr mich, \u00c4sthetik und Ausdruck zu vereinen. Wenn du nach einem kreativen Fotografen f\u00fcr M\u00e4nner-Aktfotografie, Bodypainting oder au\u00dfergew\u00f6hnliche Portr\u00e4ts suchst, dann melde dich jetzt f\u00fcr ein Shooting!&lt;\/p&gt;\" data-image-caption=\"&lt;p&gt;Portraitfotografie und M\u00e4nnerakt in Essen&lt;\/p&gt;\" data-medium-file=\"https:\/\/i0.wp.com\/sparkseries.de\/wp-content\/uploads\/2025\/02\/berlinblick-luke-6701-kopie.jpg?fit=300%2C300&amp;ssl=1\" data-large-file=\"https:\/\/i0.wp.com\/sparkseries.de\/wp-content\/uploads\/2025\/02\/berlinblick-luke-6701-kopie.jpg?fit=1024%2C1024&amp;ssl=1\" src=\"https:\/\/i0.wp.com\/sparkseries.de\/wp-content\/uploads\/2025\/02\/berlinblick-luke-6701-kopie.jpg?resize=3197%2C3197&#038;ssl=1\" alt=\"\" class=\"wp-image-52\"\/><\/figure>\n\n\n\n<p class=\"wp-block-paragraph\" style=\"margin-top:0;margin-bottom:0;font-size:0.6rem\">Foto: Jens Ochmann<\/p>\n<\/div>\n<\/div>\n\n\n\n<div class=\"wp-block-column is-layout-flow wp-block-column-is-layout-flow\">\n<p class=\"has-small-font-size wp-block-paragraph\">Mit kreativen Menschen zusammen zu arbeiten war schon immer mein gro\u00dfes Ziel. Die facettenreiche Fotografie bietet mir dabei den perfekten Freiraum f\u00fcr meine Ideen. Ich liebe es Gedanken, Fantasien, Inspirationen, Geschichten und Erlebnisse in Bildern festzuhalten. Die Kamera ist dabei ein Werkzeug, das mir diese spannende Form der Erz\u00e4hlung bietet. Ich nutze sie um emotionale Geschichten zu erz\u00e4hlen, um Menschen zu erreichen und um Gef\u00fchle, in welcher Form auch immer, zu wecken. Das ist meine Leidenschaft und es erf\u00fcllt mich diese mit meinen Mitmenschen zu teilen.<\/p>\n\n\n\n<p class=\"has-small-font-size wp-block-paragraph\">Nach meinem Fotografie-Studium, das ich erfolgreich mit einem Bachelor of Arts abgeschlossen habe, startete ich direkt in die Selbstst\u00e4ndigkeit und konnte dadurch bereits fr\u00fch viele  Erfahrungen sammeln. Die Eigenst\u00e4ndigkeit birgt viele Herausforderungen, aber auch Freiheiten, die ich dankbar und wertsch\u00e4tzend nutze, um mich und meine kreative Ader weiterzuentwickeln. Auch dadurch konnte SPARK \u00fcberhaupt entstehen und wachsen. <\/p>\n\n\n\n<p class=\"has-small-font-size wp-block-paragraph\">Die Fotografie ist ein machtvolles Instrument um auch auf gesellschaftliche Themen aufmerksam zu machen. So besch\u00e4ftige ich mich fortlaufend mit LGBTQI+ Rechten sowie den Gender Studies und versuche diese Themen kreativ zu beleuchten. F\u00fcr meine Arbeit wurde ich 2022 mit dem Design- und Genderpreis ausgezeichnet.&nbsp;<\/p>\n\n\n\n<p class=\"has-small-font-size wp-block-paragraph\">Ich freue mich die kreative Reise mit deiner Idee, deinem Projekt oder einfach dir selbst weiterzuf\u00fchren!&nbsp;<\/p>\n\n\n\n<h2 class=\"wp-block-heading has-medium-font-size\">Contact<\/h2>\n\n\n\n<div class=\"wp-block-group has-theme-4-color has-text-color has-link-color wp-elements-dd5683264753b911b6867a917cf99a4e has-global-padding is-layout-constrained wp-container-core-group-is-layout-ffe284c9 wp-block-group-is-layout-constrained\" style=\"margin-top:0;margin-bottom:0\">\n<p class=\"wp-block-paragraph\"><a href=\"mailto:info@lucasulmer.com\"><mark style=\"background-color:rgba(0, 0, 0, 0)\" class=\"has-inline-color has-secondary-color\">info@lucasulmer.com<\/mark><\/a><\/p>\n\n\n\n<p class=\"wp-block-paragraph\"><a href=\"https:\/\/www.instagram.com\/ulmer_photo\"><mark style=\"background-color:rgba(0, 0, 0, 0)\" class=\"has-inline-color has-secondary-color\">Instagram<\/mark><\/a><\/p>\n\n\n\n<p class=\"wp-block-paragraph\"><\/p>\n<\/div>\n<\/div>\n<\/div>\n<\/div>\n<\/main>\n\n\n\n<div class=\"wp-block-group alignfull is-layout-flow wp-block-group-is-layout-flow\" style=\"margin-top:0;margin-bottom:0\"><\/div>\n<\/div>\n\n\n\n<p class=\"wp-block-paragraph\"><\/p>","protected":false},"excerpt":{"rendered":"<p>Dein Fotograf Foto: Jens Ochmann Mit kreativen Menschen zusammen zu arbeiten war schon immer mein gro\u00dfes Ziel. Die facettenreiche Fotografie bietet mir dabei den perfekten Freiraum f\u00fcr meine Ideen. Ich liebe es Gedanken, Fantasien, Inspirationen, Geschichten und Erlebnisse in Bildern festzuhalten. Die Kamera ist dabei ein Werkzeug, das mir diese spannende Form der Erz\u00e4hlung bietet. [&hellip;]<\/p>\n","protected":false},"author":261746244,"featured_media":0,"parent":0,"menu_order":0,"comment_status":"closed","ping_status":"closed","template":"","meta":{"_crdt_document":"","om_disable_all_campaigns":false,"_monsterinsights_skip_tracking":false,"_monsterinsights_sitenote_active":false,"_monsterinsights_sitenote_note":"","_monsterinsights_sitenote_category":0,"_uf_show_specific_survey":0,"_uf_disable_surveys":false,"jetpack_post_was_ever_published":false,"footnotes":""},"class_list":["post-51","page","type-page","status-publish","hentry"],"aioseo_notices":[],"jetpack_likes_enabled":true,"jetpack_sharing_enabled":true,"jetpack_shortlink":"https:\/\/wp.me\/Pgl55t-P","jetpack-related-posts":[],"_links":{"self":[{"href":"https:\/\/sparkseries.de\/en\/wp-json\/wp\/v2\/pages\/51","targetHints":{"allow":["GET"]}}],"collection":[{"href":"https:\/\/sparkseries.de\/en\/wp-json\/wp\/v2\/pages"}],"about":[{"href":"https:\/\/sparkseries.de\/en\/wp-json\/wp\/v2\/types\/page"}],"author":[{"embeddable":true,"href":"https:\/\/sparkseries.de\/en\/wp-json\/wp\/v2\/users\/261746244"}],"replies":[{"embeddable":true,"href":"https:\/\/sparkseries.de\/en\/wp-json\/wp\/v2\/comments?post=51"}],"version-history":[{"count":0,"href":"https:\/\/sparkseries.de\/en\/wp-json\/wp\/v2\/pages\/51\/revisions"}],"wp:attachment":[{"href":"https:\/\/sparkseries.de\/en\/wp-json\/wp\/v2\/media?parent=51"}],"curies":[{"name":"wp","href":"https:\/\/api.w.org\/{rel}","templated":true}]}}